{"id":1453,"date":"2021-12-29T16:18:11","date_gmt":"2021-12-29T15:18:11","guid":{"rendered":"https:\/\/hydromot.lu\/techblog\/sur\/"},"modified":"2023-10-18T10:01:10","modified_gmt":"2023-10-18T08:01:10","slug":"sur","status":"publish","type":"page","link":"https:\/\/www.hydromot.lu\/techblog\/fr\/sur\/","title":{"rendered":"\u00c1 propos de nous"},"content":{"rendered":"\t\t<div data-elementor-type=\"wp-page\" data-elementor-id=\"1453\" class=\"elementor elementor-1453 elementor-42\" data-elementor-post-type=\"page\">\n\t\t\t\t\t\t<section class=\"elementor-section elementor-top-section elementor-element elementor-element-c511fa0 elementor-section-boxed elementor-section-height-default elementor-section-height-default\" data-id=\"c511fa0\" data-element_type=\"section\" data-e-type=\"section\">\n\t\t\t\t\t\t<div class=\"elementor-container elementor-column-gap-default\">\n\t\t\t\t\t<div class=\"elementor-column elementor-col-100 elementor-top-column elementor-element elementor-element-64266b7\" data-id=\"64266b7\" data-element_type=\"column\" data-e-type=\"column\">\n\t\t\t<div class=\"elementor-widget-wrap elementor-element-populated\">\n\t\t\t\t\t\t<div class=\"elementor-element elementor-element-c0ba818 elementor-widget elementor-widget-spacer\" data-id=\"c0ba818\" data-element_type=\"widget\" data-e-type=\"widget\" data-widget_type=\"spacer.default\">\n\t\t\t\t<div class=\"elementor-widget-container\">\n\t\t\t\t\t\t\t<div class=\"elementor-spacer\">\n\t\t\t<div class=\"elementor-spacer-inner\"><\/div>\n\t\t<\/div>\n\t\t\t\t\t\t<\/div>\n\t\t\t\t<\/div>\n\t\t\t\t<div class=\"elementor-element elementor-element-99bac95 elementor-widget elementor-widget-heading\" data-id=\"99bac95\" data-element_type=\"widget\" data-e-type=\"widget\" data-widget_type=\"heading.default\">\n\t\t\t\t<div class=\"elementor-widget-container\">\n\t\t\t\t\t<h1 class=\"elementor-heading-title elementor-size-xl\">\u00c1 propos de nous<\/h1>\t\t\t\t<\/div>\n\t\t\t\t<\/div>\n\t\t\t\t\t<\/div>\n\t\t<\/div>\n\t\t\t\t\t<\/div>\n\t\t<\/section>\n\t\t\t\t<section class=\"elementor-section elementor-top-section elementor-element elementor-element-f638dc0 elementor-section-boxed elementor-section-height-default elementor-section-height-default\" data-id=\"f638dc0\" data-element_type=\"section\" data-e-type=\"section\">\n\t\t\t\t\t\t<div class=\"elementor-container elementor-column-gap-default\">\n\t\t\t\t\t<div class=\"elementor-column elementor-col-100 elementor-top-column elementor-element elementor-element-dd81a17\" data-id=\"dd81a17\" data-element_type=\"column\" data-e-type=\"column\">\n\t\t\t<div class=\"elementor-widget-wrap elementor-element-populated\">\n\t\t\t\t\t\t<div class=\"elementor-element elementor-element-21b03e0 elementor-widget elementor-widget-heading\" data-id=\"21b03e0\" data-element_type=\"widget\" data-e-type=\"widget\" data-widget_type=\"heading.default\">\n\t\t\t\t<div class=\"elementor-widget-container\">\n\t\t\t\t\t<h2 class=\"elementor-heading-title elementor-size-large\">notre mission<\/h2>\t\t\t\t<\/div>\n\t\t\t\t<\/div>\n\t\t\t\t<div class=\"elementor-element elementor-element-ed55398 elementor-widget elementor-widget-text-editor\" data-id=\"ed55398\" data-element_type=\"widget\" data-e-type=\"widget\" data-widget_type=\"text-editor.default\">\n\t\t\t\t<div class=\"elementor-widget-container\">\n\t\t\t\t\t\t\t\t\t<p>Notre objectif \u00e9tait et est toujours de fournir \u00e0 nos clients des avantages optimaux. Dans notre <a href=\"https:\/\/www.hydromot.lu\/fr\/\" target=\"_blank\" rel=\"noopener\"><strong>boutique hydraulique<\/strong><\/a> nous essayons de pr\u00e9senter les descriptions de produits et les informations de la mani\u00e8re la plus d\u00e9taill\u00e9e possible, afin que nos clients puissent atteindre leur objectif le plus directement possible. De plus, nos produits ne sont pas seulement standards. Nous nous sommes fix\u00e9 pour objectif d&#8217;offrir des composants hydrauliques sp\u00e9ciaux qui ne peuvent pas \u00eatre trouv\u00e9s \u00e0 chaque coin de rue. Nous ne voulons pas seulement vendre de <a href=\"https:\/\/hydromot.lu\/techblog\/fr\/quest-ce-que-lhydraulique\/\" target=\"_blank\" rel=\"noopener\">l&#8217;hydraulique<\/a>. Le conseil et le service sont notre priorit\u00e9.<\/p>\n<p>Lorsque nous avons fond\u00e9 notre entreprise en 2004, notre vision \u00e9tait de devenir le plus grand revendeur hydraulique en ligne de la r\u00e9gion germanophone. Nous avons commenc\u00e9 \u00e0 proposer nos produits dans notre boutique en ligne et sur des plateformes commerciales telles qu&#8217;Ebay d\u00e8s 2005. Entre-temps, nous nous \u00e9tions davantage concentr\u00e9s sur les ventes directes. Malheureusement, nous nous sommes \u00e9gar\u00e9s pendant cette p\u00e9riode, l&#8217;effet co\u00fbt-b\u00e9n\u00e9fice \u00e9tait modeste. Hydromot \u00e9tait alors dans une phase tr\u00e8s difficile.<\/p>\n<p>Qu&#8217;avons-nous fait? Renvers\u00e9 l&#8217;interrupteur proverbial : Depuis environ 7 ans, l&#8217;accent a \u00e9t\u00e9 enti\u00e8rement mis sur le commerce en ligne. C&#8217;est la seule fa\u00e7on de proposer \u00e0 nos clients des produits hydrauliques \u00e0 un bon rapport qualit\u00e9-prix et de couvrir nos co\u00fbts.<\/p>\n\t\t\t\t\t\t\t\t<\/div>\n\t\t\t\t<\/div>\n\t\t\t\t\t<\/div>\n\t\t<\/div>\n\t\t\t\t\t<\/div>\n\t\t<\/section>\n\t\t\t\t<section class=\"elementor-section elementor-top-section elementor-element elementor-element-fa6133c elementor-section-boxed elementor-section-height-default elementor-section-height-default\" data-id=\"fa6133c\" data-element_type=\"section\" data-e-type=\"section\">\n\t\t\t\t\t\t<div class=\"elementor-container elementor-column-gap-default\">\n\t\t\t\t\t<div class=\"elementor-column elementor-col-50 elementor-top-column elementor-element elementor-element-2f389de\" data-id=\"2f389de\" data-element_type=\"column\" data-e-type=\"column\">\n\t\t\t<div class=\"elementor-widget-wrap elementor-element-populated\">\n\t\t\t\t\t\t<div class=\"elementor-element elementor-element-227d3c8 elementor-widget elementor-widget-heading\" data-id=\"227d3c8\" data-element_type=\"widget\" data-e-type=\"widget\" data-widget_type=\"heading.default\">\n\t\t\t\t<div class=\"elementor-widget-container\">\n\t\t\t\t\t<h2 class=\"elementor-heading-title elementor-size-large\">Pourquoi le Luxembourg ?<\/h2>\t\t\t\t<\/div>\n\t\t\t\t<\/div>\n\t\t\t\t<div class=\"elementor-element elementor-element-d235b37 elementor-widget elementor-widget-text-editor\" data-id=\"d235b37\" data-element_type=\"widget\" data-e-type=\"widget\" data-widget_type=\"text-editor.default\">\n\t\t\t\t<div class=\"elementor-widget-container\">\n\t\t\t\t\t\t\t\t\t<p>Einige werden vielleicht denken: \u201cDie sind in Luxemburg um Steuern zu sparen\u201c. Eh bien, il y a 20 ans, cela aurait pu fonctionner. Mais au XXIe si\u00e8cle dans l&#8217;UE, d&#8217;autres valeurs comptent. Du moins pour nous. Nous ne sommes pas une grande entreprise internationale qui peut se permettre d&#8217;avoir ses propres cabinets d&#8217;avocats pour exploiter la moindre faille fiscale. C&#8217;\u00e9tait et ce n&#8217;est pas notre objectif. Nous vivons et travaillons en Europe, nous payons donc nos imp\u00f4ts ici aussi. Indiquer.<\/p>\n<p>C&#8217;est ainsi que la localisation luxembourgeoise s&#8217;est av\u00e9r\u00e9e pour nous, avec de nombreux avantages mais aussi des inconv\u00e9nients. Le Luxembourg est attractif pour les salari\u00e9s allemands et fran\u00e7ais, entre autres. La langue officielle au Luxembourg est l&#8217;allemand et le fran\u00e7ais. Les r\u00e9gions francophones et germanophones sont des march\u00e9s importants pour nous. Avec notre emplacement au Luxembourg, nous avons l&#8217;emplacement id\u00e9al pour desservir les deux march\u00e9s. Cependant, il faut aussi dire, et c&#8217;est un inconv\u00e9nient, que tant les co\u00fbts salariaux que les prix de l&#8217;immobilier au Luxembourg sont beaucoup plus \u00e9lev\u00e9s que dans d&#8217;autres pays europ\u00e9ens. N\u00e9anmoins : Nous aimons le Luxembourg, c&#8217;est petit mais beau.<\/p>\n\t\t\t\t\t\t\t\t<\/div>\n\t\t\t\t<\/div>\n\t\t\t\t\t<\/div>\n\t\t<\/div>\n\t\t\t\t<div class=\"elementor-column elementor-col-50 elementor-top-column elementor-element elementor-element-ce79203\" data-id=\"ce79203\" data-element_type=\"column\" data-e-type=\"column\">\n\t\t\t<div class=\"elementor-widget-wrap elementor-element-populated\">\n\t\t\t\t\t\t<div class=\"elementor-element elementor-element-d6669a6 elementor-widget elementor-widget-image\" data-id=\"d6669a6\" data-element_type=\"widget\" data-e-type=\"widget\" data-widget_type=\"image.default\">\n\t\t\t\t<div class=\"elementor-widget-container\">\n\t\t\t\t\t\t\t\t\t\t\t\t\t\t\t<img fetchpriority=\"high\" decoding=\"async\" width=\"1024\" height=\"727\" src=\"https:\/\/www.hydromot.lu\/techblog\/wp-content\/uploads\/2022\/01\/Luxemburg.jpg\" class=\"attachment-large size-large wp-image-1063\" alt=\"Bild Luxemburg Stadt\" srcset=\"https:\/\/www.hydromot.lu\/techblog\/wp-content\/uploads\/2022\/01\/Luxemburg.jpg 1024w, https:\/\/www.hydromot.lu\/techblog\/wp-content\/uploads\/2022\/01\/Luxemburg-300x213.jpg 300w, https:\/\/www.hydromot.lu\/techblog\/wp-content\/uploads\/2022\/01\/Luxemburg-768x545.jpg 768w\" sizes=\"(max-width: 1024px) 100vw, 1024px\" \/>\t\t\t\t\t\t\t\t\t\t\t\t\t\t\t<\/div>\n\t\t\t\t<\/div>\n\t\t\t\t\t<\/div>\n\t\t<\/div>\n\t\t\t\t\t<\/div>\n\t\t<\/section>\n\t\t\t\t<section class=\"elementor-section elementor-top-section elementor-element elementor-element-bbd8171 elementor-section-boxed elementor-section-height-default elementor-section-height-default\" data-id=\"bbd8171\" data-element_type=\"section\" data-e-type=\"section\">\n\t\t\t\t\t\t<div class=\"elementor-container elementor-column-gap-default\">\n\t\t\t\t\t<div class=\"elementor-column elementor-col-100 elementor-top-column elementor-element elementor-element-d212392\" data-id=\"d212392\" data-element_type=\"column\" data-e-type=\"column\">\n\t\t\t<div class=\"elementor-widget-wrap elementor-element-populated\">\n\t\t\t\t\t\t<div class=\"elementor-element elementor-element-5156167 elementor-widget elementor-widget-heading\" data-id=\"5156167\" data-element_type=\"widget\" data-e-type=\"widget\" data-widget_type=\"heading.default\">\n\t\t\t\t<div class=\"elementor-widget-container\">\n\t\t\t\t\t<h2 class=\"elementor-heading-title elementor-size-large\">Notre \u00e9quipe<\/h2>\t\t\t\t<\/div>\n\t\t\t\t<\/div>\n\t\t\t\t\t<\/div>\n\t\t<\/div>\n\t\t\t\t\t<\/div>\n\t\t<\/section>\n\t\t\t\t<section class=\"elementor-section elementor-top-section elementor-element elementor-element-beed1c0 elementor-section-boxed elementor-section-height-default elementor-section-height-default\" data-id=\"beed1c0\" data-element_type=\"section\" data-e-type=\"section\">\n\t\t\t\t\t\t<div class=\"elementor-container elementor-column-gap-default\">\n\t\t\t\t\t<div class=\"elementor-column elementor-col-50 elementor-top-column elementor-element elementor-element-aee9e59\" data-id=\"aee9e59\" data-element_type=\"column\" data-e-type=\"column\">\n\t\t\t<div class=\"elementor-widget-wrap elementor-element-populated\">\n\t\t\t\t\t\t<div class=\"elementor-element elementor-element-9eb8f0e elementor-widget elementor-widget-image\" data-id=\"9eb8f0e\" data-element_type=\"widget\" data-e-type=\"widget\" data-widget_type=\"image.default\">\n\t\t\t\t<div class=\"elementor-widget-container\">\n\t\t\t\t\t\t\t\t\t\t\t\t<figure class=\"wp-caption\">\n\t\t\t\t\t\t\t\t\t\t<img decoding=\"async\" width=\"1024\" height=\"768\" src=\"https:\/\/www.hydromot.lu\/techblog\/wp-content\/uploads\/2022\/06\/Hydromot-Teambild.jpg\" class=\"attachment-large size-large wp-image-1673\" alt=\"Teambild der Hydromot Mitarbeiter\" srcset=\"https:\/\/www.hydromot.lu\/techblog\/wp-content\/uploads\/2022\/06\/Hydromot-Teambild.jpg 1024w, https:\/\/www.hydromot.lu\/techblog\/wp-content\/uploads\/2022\/06\/Hydromot-Teambild-300x225.jpg 300w, https:\/\/www.hydromot.lu\/techblog\/wp-content\/uploads\/2022\/06\/Hydromot-Teambild-768x576.jpg 768w\" sizes=\"(max-width: 1024px) 100vw, 1024px\" \/>\t\t\t\t\t\t\t\t\t\t\t<figcaption class=\"widget-image-caption wp-caption-text\">Notre \u00e9quipe de gauche \u00e0 droite : Jens, Olga, Dyhia, Astrid, Rainer et Florian.<\/figcaption>\n\t\t\t\t\t\t\t\t\t\t<\/figure>\n\t\t\t\t\t\t\t\t\t<\/div>\n\t\t\t\t<\/div>\n\t\t\t\t\t<\/div>\n\t\t<\/div>\n\t\t\t\t<div class=\"elementor-column elementor-col-50 elementor-top-column elementor-element elementor-element-209ace6\" data-id=\"209ace6\" data-element_type=\"column\" data-e-type=\"column\">\n\t\t\t<div class=\"elementor-widget-wrap elementor-element-populated\">\n\t\t\t\t\t\t<div class=\"elementor-element elementor-element-1b26904 elementor-widget elementor-widget-text-editor\" data-id=\"1b26904\" data-element_type=\"widget\" data-e-type=\"widget\" data-widget_type=\"text-editor.default\">\n\t\t\t\t<div class=\"elementor-widget-container\">\n\t\t\t\t\t\t\t\t\t<p>Entre-temps, notre \u00e9quipe s&#8217;est agrandie et compte d\u00e9sormais sept collaborateurs. Florian est notre directeur g\u00e9n\u00e9ral et \u00e9galement le premier point de contact pour les questions techniques. Rainer s&#8217;occupe des commandes et des demandes de nos clients germanophones. Dyhia est l&#8217;interlocuteur des clients francophones et anglophones. Jens est notre homme pour la <a href=\"https:\/\/hydromot.lu\/techblog\/fr\/technologie-de-connexion\/\" target=\"_blank\" rel=\"noopener\">connectique<\/a> ainsi que pour Amazon et il g\u00e8re notre stock. Astrid prend en charge notre comptabilit\u00e9 et parcourt \u00e9galement les chemins de l&#8217;Amazonie. Olga, notre nouveau membre de l&#8217;\u00e9quipe, est responsable du marketing en ligne et s&#8217;occupe de notre boutique en ligne.<\/p>\n\t\t\t\t\t\t\t\t<\/div>\n\t\t\t\t<\/div>\n\t\t\t\t\t<\/div>\n\t\t<\/div>\n\t\t\t\t\t<\/div>\n\t\t<\/section>\n\t\t\t\t<section class=\"elementor-section elementor-top-section elementor-element elementor-element-c578d83 elementor-section-boxed elementor-section-height-default elementor-section-height-default\" data-id=\"c578d83\" data-element_type=\"section\" data-e-type=\"section\">\n\t\t\t\t\t\t<div class=\"elementor-container elementor-column-gap-default\">\n\t\t\t\t\t<div class=\"elementor-column elementor-col-100 elementor-top-column elementor-element elementor-element-ac137c7\" data-id=\"ac137c7\" data-element_type=\"column\" data-e-type=\"column\">\n\t\t\t<div class=\"elementor-widget-wrap elementor-element-populated\">\n\t\t\t\t\t\t<div class=\"elementor-element elementor-element-ea5c750 elementor-align-center elementor-widget elementor-widget-button\" data-id=\"ea5c750\" data-element_type=\"widget\" data-e-type=\"widget\" data-widget_type=\"button.default\">\n\t\t\t\t<div class=\"elementor-widget-container\">\n\t\t\t\t\t\t\t\t\t<div class=\"elementor-button-wrapper\">\n\t\t\t\t\t<a class=\"elementor-button elementor-button-link elementor-size-md\" href=\"https:\/\/www.hydromot.lu\/fr\/\">\n\t\t\t\t\t\t<span class=\"elementor-button-content-wrapper\">\n\t\t\t\t\t\t\t\t\t<span class=\"elementor-button-text\">Acc\u00e8s direct \u00e0 la boutique hydraulique !<\/span>\n\t\t\t\t\t<\/span>\n\t\t\t\t\t<\/a>\n\t\t\t\t<\/div>\n\t\t\t\t\t\t\t\t<\/div>\n\t\t\t\t<\/div>\n\t\t\t\t\t<\/div>\n\t\t<\/div>\n\t\t\t\t\t<\/div>\n\t\t<\/section>\n\t\t\t\t<\/div>\n\t\t","protected":false},"excerpt":{"rendered":"<p>\u00c1 propos de nous notre mission Notre objectif \u00e9tait et est toujours de fournir \u00e0 nos clients des avantages optimaux. Dans notre boutique hydraulique nous essayons de pr\u00e9senter les descriptions de produits et les informations de la mani\u00e8re la plus d\u00e9taill\u00e9e possible, afin que nos clients puissent atteindre leur objectif le plus directement possible. De&hellip;&nbsp;<a href=\"https:\/\/www.hydromot.lu\/techblog\/fr\/sur\/\" rel=\"bookmark\">Read More &raquo;<span class=\"screen-reader-text\">\u00c1 propos de nous<\/span><\/a><\/p>\n","protected":false},"author":1,"featured_media":1053,"parent":0,"menu_order":0,"comment_status":"closed","ping_status":"closed","template":"page-templates\/template-pagebuilder-full-width.php","meta":{"_crdt_document":"","neve_meta_sidebar":"","neve_meta_container":"","neve_meta_enable_content_width":"","neve_meta_content_width":0,"neve_meta_title_alignment":"","neve_meta_author_avatar":"","neve_post_elements_order":"","neve_meta_disable_header":"","neve_meta_disable_footer":"","neve_meta_disable_title":"","neve_meta_reading_time":"","_themeisle_gutenberg_block_has_review":false,"footnotes":""},"class_list":["post-1453","page","type-page","status-publish","has-post-thumbnail","hentry"],"_links":{"self":[{"href":"https:\/\/www.hydromot.lu\/techblog\/fr\/wp-json\/wp\/v2\/pages\/1453","targetHints":{"allow":["GET"]}}],"collection":[{"href":"https:\/\/www.hydromot.lu\/techblog\/fr\/wp-json\/wp\/v2\/pages"}],"about":[{"href":"https:\/\/www.hydromot.lu\/techblog\/fr\/wp-json\/wp\/v2\/types\/page"}],"author":[{"embeddable":true,"href":"https:\/\/www.hydromot.lu\/techblog\/fr\/wp-json\/wp\/v2\/users\/1"}],"replies":[{"embeddable":true,"href":"https:\/\/www.hydromot.lu\/techblog\/fr\/wp-json\/wp\/v2\/comments?post=1453"}],"version-history":[{"count":8,"href":"https:\/\/www.hydromot.lu\/techblog\/fr\/wp-json\/wp\/v2\/pages\/1453\/revisions"}],"predecessor-version":[{"id":5639,"href":"https:\/\/www.hydromot.lu\/techblog\/fr\/wp-json\/wp\/v2\/pages\/1453\/revisions\/5639"}],"wp:featuredmedia":[{"embeddable":true,"href":"https:\/\/www.hydromot.lu\/techblog\/fr\/wp-json\/wp\/v2\/media\/1053"}],"wp:attachment":[{"href":"https:\/\/www.hydromot.lu\/techblog\/fr\/wp-json\/wp\/v2\/media?parent=1453"}],"curies":[{"name":"wp","href":"https:\/\/api.w.org\/{rel}","templated":true}]}}