{"id":2010,"date":"2022-07-15T19:37:59","date_gmt":"2022-07-15T17:37:59","guid":{"rendered":"https:\/\/hydromot.lu\/techblog\/groupes-hydrauliques\/"},"modified":"2023-10-23T08:15:24","modified_gmt":"2023-10-23T06:15:24","slug":"groupes-hydrauliques","status":"publish","type":"page","link":"https:\/\/www.hydromot.lu\/techblog\/fr\/groupes-hydrauliques\/","title":{"rendered":"Groupes hydrauliques"},"content":{"rendered":"\t\t<div data-elementor-type=\"wp-page\" data-elementor-id=\"2010\" class=\"elementor elementor-2010 elementor-823\" data-elementor-post-type=\"page\">\n\t\t\t\t\t\t<section class=\"elementor-section elementor-top-section elementor-element elementor-element-1f8237b elementor-section-boxed elementor-section-height-default elementor-section-height-default\" data-id=\"1f8237b\" data-element_type=\"section\" data-e-type=\"section\">\n\t\t\t\t\t\t<div class=\"elementor-container elementor-column-gap-default\">\n\t\t\t\t\t<div class=\"elementor-column elementor-col-100 elementor-top-column elementor-element elementor-element-fb41be8\" data-id=\"fb41be8\" data-element_type=\"column\" data-e-type=\"column\">\n\t\t\t<div class=\"elementor-widget-wrap elementor-element-populated\">\n\t\t\t\t\t\t<div class=\"elementor-element elementor-element-3880cfc elementor-widget elementor-widget-spacer\" data-id=\"3880cfc\" data-element_type=\"widget\" data-e-type=\"widget\" data-widget_type=\"spacer.default\">\n\t\t\t\t<div class=\"elementor-widget-container\">\n\t\t\t\t\t\t\t<div class=\"elementor-spacer\">\n\t\t\t<div class=\"elementor-spacer-inner\"><\/div>\n\t\t<\/div>\n\t\t\t\t\t\t<\/div>\n\t\t\t\t<\/div>\n\t\t\t\t<div class=\"elementor-element elementor-element-400b014 elementor-widget elementor-widget-heading\" data-id=\"400b014\" data-element_type=\"widget\" data-e-type=\"widget\" data-widget_type=\"heading.default\">\n\t\t\t\t<div class=\"elementor-widget-container\">\n\t\t\t\t\t<h1 class=\"elementor-heading-title elementor-size-default\">Groupes hydrauliques - unit\u00e9 centrale d'alimentation de chaque syst\u00e8me hydraulique<\/h1>\t\t\t\t<\/div>\n\t\t\t\t<\/div>\n\t\t\t\t<div class=\"elementor-element elementor-element-cab409c elementor-widget elementor-widget-table-of-contents\" data-id=\"cab409c\" data-element_type=\"widget\" data-e-type=\"widget\" data-settings=\"{&quot;exclude_headings_by_selector&quot;:[],&quot;headings_by_tags&quot;:[&quot;h2&quot;,&quot;h3&quot;,&quot;h4&quot;,&quot;h5&quot;,&quot;h6&quot;],&quot;marker_view&quot;:&quot;numbers&quot;,&quot;no_headings_message&quot;:&quot;Aucun titre n\\u2019a \\u00e9t\\u00e9 trouv\\u00e9 sur cette page.&quot;,&quot;min_height&quot;:{&quot;unit&quot;:&quot;px&quot;,&quot;size&quot;:&quot;&quot;,&quot;sizes&quot;:[]},&quot;min_height_tablet&quot;:{&quot;unit&quot;:&quot;px&quot;,&quot;size&quot;:&quot;&quot;,&quot;sizes&quot;:[]},&quot;min_height_mobile&quot;:{&quot;unit&quot;:&quot;px&quot;,&quot;size&quot;:&quot;&quot;,&quot;sizes&quot;:[]}}\" data-widget_type=\"table-of-contents.default\">\n\t\t\t\t<div class=\"elementor-widget-container\">\n\t\t\t\t\t\t\t\t\t<div class=\"elementor-toc__header\">\n\t\t\t\t\t\t<div class=\"elementor-toc__header-title\">\n\t\t\t\tContenu\t\t\t<\/div>\n\t\t\t\t\t\t\t\t<\/div>\n\t\t\t\t<div id=\"elementor-toc__cab409c\" class=\"elementor-toc__body\">\n\t\t\t<div class=\"elementor-toc__spinner-container\">\n\t\t\t\t<i class=\"elementor-toc__spinner eicon-animation-spin eicon-loading\" aria-hidden=\"true\"><\/i>\t\t\t<\/div>\n\t\t<\/div>\n\t\t\t\t\t\t<\/div>\n\t\t\t\t<\/div>\n\t\t\t\t<div class=\"elementor-element elementor-element-5391a34 elementor-widget elementor-widget-heading\" data-id=\"5391a34\" data-element_type=\"widget\" data-e-type=\"widget\" data-widget_type=\"heading.default\">\n\t\t\t\t<div class=\"elementor-widget-container\">\n\t\t\t\t\t<h2 class=\"elementor-heading-title elementor-size-default\">Comment une centrale hydraulique est-elle construite ?<\/h2>\t\t\t\t<\/div>\n\t\t\t\t<\/div>\n\t\t\t\t<div class=\"elementor-element elementor-element-aa783e8 elementor-widget elementor-widget-text-editor\" data-id=\"aa783e8\" data-element_type=\"widget\" data-e-type=\"widget\" data-widget_type=\"text-editor.default\">\n\t\t\t\t<div class=\"elementor-widget-container\">\n\t\t\t\t\t\t\t\t\t<p>Les groupes hydrauliques sont des sous-ensembles autonomes. Il regroupe les composants permettant de fournir de l&#8217;\u00e9nergie hydraulique de mani\u00e8re contr\u00f4l\u00e9e.  <\/p>\n<p>Les groupes hydrauliques servent \u00e0 l&#8217;alimentation en huile et \u00e0 la commande hydraulique des consommateurs. En r\u00e8gle g\u00e9n\u00e9rale, une installation hydraulique est construite de la mani\u00e8re suivante :<\/p>\n<\/p>\n<p><img fetchpriority=\"high\" decoding=\"async\" class=\"aligncenter\" src=\"https:\/\/hydromot.lu\/techblog\/wp-content\/uploads\/2023\/05\/Hydraulikanlage-Prinzip.jpg\" alt=\"Transformation de l'entra\u00eenement m\u00e9canique en entra\u00eenement hydraulique via une pompe hydraulique\" width=\"602\" height=\"94\"><\/p>\n<\/p>\n<p>Une unit\u00e9 hydraulique de base se compose de :<\/p>\n<ul>\n<li>une unit\u00e9 d&#8217;entra\u00eenement (par exemple un moteur \u00e9lectrique, un moteur \u00e0 essence ou diesel, une prise de force ou un engrenage de prise de force)<\/li>\n<li>une pompe hydraulique (par ex. pompe \u00e0 engrenages, pompe \u00e0 pistons axiaux, pompe \u00e0 palettes)<\/li>\n<li>d&#8217;un r\u00e9servoir hydraulique<\/li>\n<\/ul>\n<p>On distingue diff\u00e9rentes formes de construction pour les groupes hydrauliques :<\/p>\n<ul>\n<li>Groupes compacts<\/li>\n<li>Agr\u00e9gats standard<\/li>\n<li>Agr\u00e9gats sous huile  <\/li>\n<\/ul>\n\t\t\t\t\t\t\t\t<\/div>\n\t\t\t\t<\/div>\n\t\t\t\t\t<\/div>\n\t\t<\/div>\n\t\t\t\t\t<\/div>\n\t\t<\/section>\n\t\t\t\t<section class=\"elementor-section elementor-top-section elementor-element elementor-element-4a965f3 elementor-section-boxed elementor-section-height-default elementor-section-height-default\" data-id=\"4a965f3\" data-element_type=\"section\" data-e-type=\"section\">\n\t\t\t\t\t\t<div class=\"elementor-container elementor-column-gap-default\">\n\t\t\t\t\t<div class=\"elementor-column elementor-col-50 elementor-top-column elementor-element elementor-element-c63d50b\" data-id=\"c63d50b\" data-element_type=\"column\" data-e-type=\"column\">\n\t\t\t<div class=\"elementor-widget-wrap elementor-element-populated\">\n\t\t\t\t\t\t<div class=\"elementor-element elementor-element-5d8018e elementor-widget elementor-widget-image\" data-id=\"5d8018e\" data-element_type=\"widget\" data-e-type=\"widget\" data-widget_type=\"image.default\">\n\t\t\t\t<div class=\"elementor-widget-container\">\n\t\t\t\t\t\t\t\t\t\t\t\t\t\t\t<img decoding=\"async\" width=\"650\" height=\"730\" src=\"https:\/\/www.hydromot.lu\/techblog\/wp-content\/uploads\/2022\/07\/Hydraulik-Kompaktaggregat.jpg\" class=\"attachment-large size-large wp-image-1999\" alt=\"Hydromot Hydraulikaggregat kompakte Bauweise\" srcset=\"https:\/\/www.hydromot.lu\/techblog\/wp-content\/uploads\/2022\/07\/Hydraulik-Kompaktaggregat.jpg 650w, https:\/\/www.hydromot.lu\/techblog\/wp-content\/uploads\/2022\/07\/Hydraulik-Kompaktaggregat-267x300.jpg 267w, https:\/\/www.hydromot.lu\/techblog\/wp-content\/uploads\/2022\/07\/Hydraulik-Kompaktaggregat-534x600.jpg 534w, https:\/\/www.hydromot.lu\/techblog\/wp-content\/uploads\/2022\/07\/Hydraulik-Kompaktaggregat-142x160.jpg 142w\" sizes=\"(max-width: 650px) 100vw, 650px\" \/>\t\t\t\t\t\t\t\t\t\t\t\t\t\t\t<\/div>\n\t\t\t\t<\/div>\n\t\t\t\t\t<\/div>\n\t\t<\/div>\n\t\t\t\t<div class=\"elementor-column elementor-col-50 elementor-top-column elementor-element elementor-element-44bc1b9\" data-id=\"44bc1b9\" data-element_type=\"column\" data-e-type=\"column\">\n\t\t\t<div class=\"elementor-widget-wrap elementor-element-populated\">\n\t\t\t\t\t\t<div class=\"elementor-element elementor-element-a9f2554 elementor-widget elementor-widget-text-editor\" data-id=\"a9f2554\" data-element_type=\"widget\" data-e-type=\"widget\" data-widget_type=\"text-editor.default\">\n\t\t\t\t<div class=\"elementor-widget-container\">\n\t\t\t\t\t\t\t\t\t<p>L&#8217;unit\u00e9 d&#8217;entra\u00eenement est reli\u00e9e \u00e0 la <a href=\"https:\/\/hydromot.lu\/techblog\/fr\/pompes-hydrauliques\/\" target=\"_blank\" rel=\"noopener\">pompe hydraulique <\/a>par un accouplement et l&#8217;entra\u00eene. Sur les groupes compacts, la bride centrale se trouve entre le moteur d&#8217;entra\u00eenement, la pompe hydraulique et le r\u00e9servoir hydraulique. Cette bride sert entre autres de lien entre l&#8217;unit\u00e9 d&#8217;entra\u00eenement, la pompe hydraulique et le r\u00e9servoir hydraulique, ainsi que de logement pour les valves hydrauliques.<\/p>\n<p>Les composants standard et les ensembles modulaires offrent la possibilit\u00e9 de construire diff\u00e9rentes variantes en se basant sur les exigences. Gr\u00e2ce \u00e0 ces ensembles modulaires, il est possible de r\u00e9aliser une solution constructive optimale. Une grande s\u00e9curit\u00e9 de fonctionnement, une faible consommation d&#8217;\u00e9nergie et une longue dur\u00e9e de vie du groupe hydraulique sont \u00e9galement garanties.<\/p>\n<section class=\"elementor-section elementor-top-section elementor-element elementor-element-e49f946 elementor-section-boxed elementor-section-height-default elementor-section-height-default\" data-id=\"e49f946\" data-element_type=\"section\">\n<div class=\"elementor-container elementor-column-gap-default\">\n<div class=\"elementor-column elementor-col-100 elementor-top-column elementor-element elementor-element-aa516ed\" data-id=\"aa516ed\" data-element_type=\"column\">\n<div class=\"elementor-widget-wrap elementor-element-populated\">\n<div class=\"elementor-element elementor-element-8e4e3d8 elementor-widget elementor-widget-text-editor\" data-id=\"8e4e3d8\" data-element_type=\"widget\" data-widget_type=\"text-editor.default\">\n<div class=\"elementor-widget-container\">\n<p>Lors de la conception des groupes hydrauliques, il faut veiller \u00e0 ce que la puissance hydraulique n\u00e9cessaire ne d\u00e9passe pas la puissance d&#8217;entra\u00eenement de l&#8217;unit\u00e9 d&#8217;entra\u00eenement.<\/p>\n<\/div>\n<\/div>\n<\/div>\n<\/div>\n<\/div>\n<\/section>\n\t\t\t\t\t\t\t\t<\/div>\n\t\t\t\t<\/div>\n\t\t\t\t\t<\/div>\n\t\t<\/div>\n\t\t\t\t\t<\/div>\n\t\t<\/section>\n\t\t\t\t<section class=\"elementor-section elementor-top-section elementor-element elementor-element-b3927ed elementor-section-full_width elementor-section-height-default elementor-section-height-default\" data-id=\"b3927ed\" data-element_type=\"section\" data-e-type=\"section\">\n\t\t\t\t\t\t<div class=\"elementor-container elementor-column-gap-default\">\n\t\t\t\t\t<div class=\"elementor-column elementor-col-100 elementor-top-column elementor-element elementor-element-296643d\" data-id=\"296643d\" data-element_type=\"column\" data-e-type=\"column\">\n\t\t\t<div class=\"elementor-widget-wrap elementor-element-populated\">\n\t\t\t\t\t\t<div class=\"elementor-element elementor-element-94a3001 elementor-widget elementor-widget-heading\" data-id=\"94a3001\" data-element_type=\"widget\" data-e-type=\"widget\" data-widget_type=\"heading.default\">\n\t\t\t\t<div class=\"elementor-widget-container\">\n\t\t\t\t\t<h2 class=\"elementor-heading-title elementor-size-default\">O\u00f9 sont utilis\u00e9s les groupes hydrauliques ?<\/h2>\t\t\t\t<\/div>\n\t\t\t\t<\/div>\n\t\t\t\t<div class=\"elementor-element elementor-element-bfe810b elementor-widget elementor-widget-text-editor\" data-id=\"bfe810b\" data-element_type=\"widget\" data-e-type=\"widget\" data-widget_type=\"text-editor.default\">\n\t\t\t\t<div class=\"elementor-widget-container\">\n\t\t\t\t\t\t\t\t\t<p>Les domaines d&#8217;application typiques des groupes hydrauliques sont les installations fixes dans la construction de machines. Il s&#8217;agit par exemple de la construction m\u00e9tallique, de la construction hydraulique et de la technique m\u00e9tallurgique. D&#8217;autres cas d&#8217;utilisation sont par exemple l&#8217;industrie de transformation des mati\u00e8res plastiques, ainsi que dans les installations de levage et d&#8217;\u00e9l\u00e9vation et dans les presses.<\/p>\n<p>Dans l&#8217;hydraulique mobile, on utilise de petits groupes, principalement entra\u00een\u00e9s par un moteur \u00e9lectrique. Les domaines d&#8217;application possibles sont le fonctionnement des hayons \u00e9l\u00e9vateurs ou des entra\u00eenements hydrostatiques des ventilateurs.<\/p>\n<p>En cas de grande conversion d&#8217;\u00e9nergie, la pompe hydraulique est directement entra\u00een\u00e9e par un moteur \u00e0 combustion. Les autres composants (par exemple le r\u00e9servoir ou les valves hydrauliques) ne sont pas regroup\u00e9s en tant que groupe, mais r\u00e9partis en fonction de l&#8217;espace disponible.<\/p>\t\t\t\t\t\t\t\t<\/div>\n\t\t\t\t<\/div>\n\t\t\t\t<div class=\"elementor-element elementor-element-c18b8f8 elementor-cta--skin-classic elementor-animated-content elementor-bg-transform elementor-bg-transform-zoom-in elementor-widget elementor-widget-call-to-action\" data-id=\"c18b8f8\" data-element_type=\"widget\" data-e-type=\"widget\" data-widget_type=\"call-to-action.default\">\n\t\t\t\t<div class=\"elementor-widget-container\">\n\t\t\t\t\t\t\t<div class=\"elementor-cta\">\n\t\t\t\t\t<div class=\"elementor-cta__bg-wrapper\">\n\t\t\t\t<div class=\"elementor-cta__bg elementor-bg\" style=\"background-image: url(https:\/\/www.hydromot.lu\/techblog\/wp-content\/uploads\/2022\/07\/Hydraulikaggregat-mit-Ventilaufbau.jpg);\" role=\"img\" aria-label=\"Hydronit Hydraulikaggregat mit Hydraulikventilen\"><\/div>\n\t\t\t\t<div class=\"elementor-cta__bg-overlay\"><\/div>\n\t\t\t<\/div>\n\t\t\t\t\t\t\t<div class=\"elementor-cta__content\">\n\t\t\t\t\n\t\t\t\t\t\t\t\t\t<h2 class=\"elementor-cta__title elementor-cta__content-item elementor-content-item\">\n\t\t\t\t\t\tAcheter des groupes hydrauliques directement dans notre boutique hydraulique\t\t\t\t\t<\/h2>\n\t\t\t\t\n\t\t\t\t\t\t\t\t\t<div class=\"elementor-cta__description elementor-cta__content-item elementor-content-item\">\n\t\t\t\t\t\t<p>Dans notre boutique hydraulique, vous trouverez un grand choix de groupes hydrauliques et d'accessoires.  <\/p>\n\t\t\t\t\t<\/div>\n\t\t\t\t\n\t\t\t\t\t\t\t\t\t<div class=\"elementor-cta__button-wrapper elementor-cta__content-item elementor-content-item \">\n\t\t\t\t\t<a class=\"elementor-cta__button elementor-button elementor-size-md\" href=\"https:\/\/www.hydromot.lu\/fr\/Groupes-hydrauliques\/\">\n\t\t\t\t\t\tCliquez ici pour acc\u00e9der \u00e0 la boutique Hydromot\t\t\t\t\t<\/a>\n\t\t\t\t\t<\/div>\n\t\t\t\t\t\t\t<\/div>\n\t\t\t\t\t\t<\/div>\n\t\t\t\t\t\t<\/div>\n\t\t\t\t<\/div>\n\t\t\t\t\t<\/div>\n\t\t<\/div>\n\t\t\t\t\t<\/div>\n\t\t<\/section>\n\t\t\t\t<section class=\"elementor-section elementor-top-section elementor-element elementor-element-df95de9 elementor-section-boxed elementor-section-height-default elementor-section-height-default\" data-id=\"df95de9\" data-element_type=\"section\" data-e-type=\"section\">\n\t\t\t\t\t\t<div class=\"elementor-container elementor-column-gap-default\">\n\t\t\t\t\t<div class=\"elementor-column elementor-col-100 elementor-top-column elementor-element elementor-element-d8e1b7f\" data-id=\"d8e1b7f\" data-element_type=\"column\" data-e-type=\"column\">\n\t\t\t<div class=\"elementor-widget-wrap elementor-element-populated\">\n\t\t\t\t\t\t<div class=\"elementor-element elementor-element-4c498f9 elementor-widget elementor-widget-spacer\" data-id=\"4c498f9\" data-element_type=\"widget\" data-e-type=\"widget\" data-widget_type=\"spacer.default\">\n\t\t\t\t<div class=\"elementor-widget-container\">\n\t\t\t\t\t\t\t<div class=\"elementor-spacer\">\n\t\t\t<div class=\"elementor-spacer-inner\"><\/div>\n\t\t<\/div>\n\t\t\t\t\t\t<\/div>\n\t\t\t\t<\/div>\n\t\t\t\t\t<\/div>\n\t\t<\/div>\n\t\t\t\t\t<\/div>\n\t\t<\/section>\n\t\t\t\t<\/div>\n\t\t","protected":false},"excerpt":{"rendered":"<p>Groupes hydrauliques &#8211; unit\u00e9 centrale d&#8217;alimentation de chaque syst\u00e8me hydraulique Contenu Comment une centrale hydraulique est-elle construite ? Les groupes hydrauliques sont des sous-ensembles autonomes. Il regroupe les composants permettant de fournir de l&#8217;\u00e9nergie hydraulique de mani\u00e8re contr\u00f4l\u00e9e. Les groupes hydrauliques servent \u00e0 l&#8217;alimentation en huile et \u00e0 la commande hydraulique des consommateurs. En r\u00e8gle&hellip;&nbsp;<a href=\"https:\/\/www.hydromot.lu\/techblog\/fr\/groupes-hydrauliques\/\" rel=\"bookmark\">Read More &raquo;<span class=\"screen-reader-text\">Groupes hydrauliques<\/span><\/a><\/p>\n","protected":false},"author":1,"featured_media":1011,"parent":0,"menu_order":0,"comment_status":"closed","ping_status":"closed","template":"","meta":{"_crdt_document":"","neve_meta_sidebar":"right","neve_meta_container":"","neve_meta_enable_content_width":"on","neve_meta_content_width":75,"neve_meta_title_alignment":"","neve_meta_author_avatar":"","neve_post_elements_order":"","neve_meta_disable_header":"","neve_meta_disable_footer":"","neve_meta_disable_title":"on","neve_meta_reading_time":"","_themeisle_gutenberg_block_has_review":false,"footnotes":""},"class_list":["post-2010","page","type-page","status-publish","has-post-thumbnail","hentry"],"_links":{"self":[{"href":"https:\/\/www.hydromot.lu\/techblog\/fr\/wp-json\/wp\/v2\/pages\/2010","targetHints":{"allow":["GET"]}}],"collection":[{"href":"https:\/\/www.hydromot.lu\/techblog\/fr\/wp-json\/wp\/v2\/pages"}],"about":[{"href":"https:\/\/www.hydromot.lu\/techblog\/fr\/wp-json\/wp\/v2\/types\/page"}],"author":[{"embeddable":true,"href":"https:\/\/www.hydromot.lu\/techblog\/fr\/wp-json\/wp\/v2\/users\/1"}],"replies":[{"embeddable":true,"href":"https:\/\/www.hydromot.lu\/techblog\/fr\/wp-json\/wp\/v2\/comments?post=2010"}],"version-history":[{"count":19,"href":"https:\/\/www.hydromot.lu\/techblog\/fr\/wp-json\/wp\/v2\/pages\/2010\/revisions"}],"predecessor-version":[{"id":5785,"href":"https:\/\/www.hydromot.lu\/techblog\/fr\/wp-json\/wp\/v2\/pages\/2010\/revisions\/5785"}],"wp:featuredmedia":[{"embeddable":true,"href":"https:\/\/www.hydromot.lu\/techblog\/fr\/wp-json\/wp\/v2\/media\/1011"}],"wp:attachment":[{"href":"https:\/\/www.hydromot.lu\/techblog\/fr\/wp-json\/wp\/v2\/media?parent=2010"}],"curies":[{"name":"wp","href":"https:\/\/api.w.org\/{rel}","templated":true}]}}