{"id":823,"date":"2022-07-15T19:37:59","date_gmt":"2022-07-15T17:37:59","guid":{"rendered":"https:\/\/hydromot.lu\/techblog\/?page_id=823"},"modified":"2023-10-23T08:15:23","modified_gmt":"2023-10-23T06:15:23","slug":"hydraulikaggregate","status":"publish","type":"page","link":"https:\/\/www.hydromot.lu\/techblog\/hydraulikaggregate\/","title":{"rendered":"Hydraulikaggregate"},"content":{"rendered":"\t\t<div data-elementor-type=\"wp-page\" data-elementor-id=\"823\" class=\"elementor elementor-823\" data-elementor-post-type=\"page\">\n\t\t\t\t\t\t<section class=\"elementor-section elementor-top-section elementor-element elementor-element-1f8237b elementor-section-boxed elementor-section-height-default elementor-section-height-default\" data-id=\"1f8237b\" data-element_type=\"section\" data-e-type=\"section\">\n\t\t\t\t\t\t<div class=\"elementor-container elementor-column-gap-default\">\n\t\t\t\t\t<div class=\"elementor-column elementor-col-100 elementor-top-column elementor-element elementor-element-fb41be8\" data-id=\"fb41be8\" data-element_type=\"column\" data-e-type=\"column\">\n\t\t\t<div class=\"elementor-widget-wrap elementor-element-populated\">\n\t\t\t\t\t\t<div class=\"elementor-element elementor-element-3880cfc elementor-widget elementor-widget-spacer\" data-id=\"3880cfc\" data-element_type=\"widget\" data-e-type=\"widget\" data-widget_type=\"spacer.default\">\n\t\t\t\t<div class=\"elementor-widget-container\">\n\t\t\t\t\t\t\t<div class=\"elementor-spacer\">\n\t\t\t<div class=\"elementor-spacer-inner\"><\/div>\n\t\t<\/div>\n\t\t\t\t\t\t<\/div>\n\t\t\t\t<\/div>\n\t\t\t\t<div class=\"elementor-element elementor-element-400b014 elementor-widget elementor-widget-heading\" data-id=\"400b014\" data-element_type=\"widget\" data-e-type=\"widget\" data-widget_type=\"heading.default\">\n\t\t\t\t<div class=\"elementor-widget-container\">\n\t\t\t\t\t<h1 class=\"elementor-heading-title elementor-size-default\">Hydraulikaggregate - Zentrale Versorgungseinheit jedes Hydrauliksystems<\/h1>\t\t\t\t<\/div>\n\t\t\t\t<\/div>\n\t\t\t\t<div class=\"elementor-element elementor-element-cab409c elementor-widget elementor-widget-table-of-contents\" data-id=\"cab409c\" data-element_type=\"widget\" data-e-type=\"widget\" data-settings=\"{&quot;exclude_headings_by_selector&quot;:[],&quot;headings_by_tags&quot;:[&quot;h2&quot;,&quot;h3&quot;,&quot;h4&quot;,&quot;h5&quot;,&quot;h6&quot;],&quot;marker_view&quot;:&quot;numbers&quot;,&quot;no_headings_message&quot;:&quot;Es wurden keine \\u00dcberschriften auf dieser Seite gefunden.&quot;,&quot;min_height&quot;:{&quot;unit&quot;:&quot;px&quot;,&quot;size&quot;:&quot;&quot;,&quot;sizes&quot;:[]},&quot;min_height_tablet&quot;:{&quot;unit&quot;:&quot;px&quot;,&quot;size&quot;:&quot;&quot;,&quot;sizes&quot;:[]},&quot;min_height_mobile&quot;:{&quot;unit&quot;:&quot;px&quot;,&quot;size&quot;:&quot;&quot;,&quot;sizes&quot;:[]}}\" data-widget_type=\"table-of-contents.default\">\n\t\t\t\t<div class=\"elementor-widget-container\">\n\t\t\t\t\t\t\t\t\t<div class=\"elementor-toc__header\">\n\t\t\t\t\t\t<div class=\"elementor-toc__header-title\">\n\t\t\t\tInhalt\t\t\t<\/div>\n\t\t\t\t\t\t\t\t<\/div>\n\t\t\t\t<div id=\"elementor-toc__cab409c\" class=\"elementor-toc__body\">\n\t\t\t<div class=\"elementor-toc__spinner-container\">\n\t\t\t\t<i class=\"elementor-toc__spinner eicon-animation-spin eicon-loading\" aria-hidden=\"true\"><\/i>\t\t\t<\/div>\n\t\t<\/div>\n\t\t\t\t\t\t<\/div>\n\t\t\t\t<\/div>\n\t\t\t\t<div class=\"elementor-element elementor-element-5391a34 elementor-widget elementor-widget-heading\" data-id=\"5391a34\" data-element_type=\"widget\" data-e-type=\"widget\" data-widget_type=\"heading.default\">\n\t\t\t\t<div class=\"elementor-widget-container\">\n\t\t\t\t\t<h2 class=\"elementor-heading-title elementor-size-default\">Wie ist ein Hydraulikaggregat aufgebaut?<\/h2>\t\t\t\t<\/div>\n\t\t\t\t<\/div>\n\t\t\t\t<div class=\"elementor-element elementor-element-aa783e8 elementor-widget elementor-widget-text-editor\" data-id=\"aa783e8\" data-element_type=\"widget\" data-e-type=\"widget\" data-widget_type=\"text-editor.default\">\n\t\t\t\t<div class=\"elementor-widget-container\">\n\t\t\t\t\t\t\t\t\t<p>Hydraulikaggregate sind selbstst\u00e4ndige Baugruppen. Darin sind die Komponenten zur gesteuerten Bereitstellung hydraulischer Energie zusammengefasst.\u00a0<\/p><p>Hydraulikaggregate dienen zur \u00d6lversorgung und zur hydraulischen Steuerung der Verbraucher. Eine Hydraulikanlage ist in der Regel wie folgt aufgebaut:<\/p><p>\u00a0<\/p><p><img fetchpriority=\"high\" decoding=\"async\" class=\"aligncenter\" src=\"https:\/\/hydromot.lu\/techblog\/wp-content\/uploads\/2023\/05\/Hydraulikanlage-Prinzip.jpg\" alt=\"Umwandlung mechanischer Antrieb in hydraulischen Antrieb via Hydraulikpumpe\" width=\"602\" height=\"94\" \/><\/p><p>\u00a0<\/p><p>Ein Basis-Hydraulikaggregat besteht aus:<\/p><ul><li>Einer Antriebseinheit (z.B. Elektromotor, Benzin- oder Dieselmotor, Zapfwelle oder Zapfwellengetriebe)<\/li><li>Einer Hydraulikpumpe (z.B. Zahnradpumpe, Axialkolbenpumpe, Fl\u00fcgelzellenpumpe)<\/li><li>Einem Hydrauliktank<\/li><\/ul><p>Man unterscheidet bei Hydraulikaggregaten verschiedene Bauformen:<\/p><ul><li>Kompaktaggregate<\/li><li>Standardaggregate<\/li><li>Unter\u00f6laggregate\u00a0<\/li><\/ul>\t\t\t\t\t\t\t\t<\/div>\n\t\t\t\t<\/div>\n\t\t\t\t\t<\/div>\n\t\t<\/div>\n\t\t\t\t\t<\/div>\n\t\t<\/section>\n\t\t\t\t<section class=\"elementor-section elementor-top-section elementor-element elementor-element-4a965f3 elementor-section-boxed elementor-section-height-default elementor-section-height-default\" data-id=\"4a965f3\" data-element_type=\"section\" data-e-type=\"section\">\n\t\t\t\t\t\t<div class=\"elementor-container elementor-column-gap-default\">\n\t\t\t\t\t<div class=\"elementor-column elementor-col-50 elementor-top-column elementor-element elementor-element-c63d50b\" data-id=\"c63d50b\" data-element_type=\"column\" data-e-type=\"column\">\n\t\t\t<div class=\"elementor-widget-wrap elementor-element-populated\">\n\t\t\t\t\t\t<div class=\"elementor-element elementor-element-5d8018e elementor-widget elementor-widget-image\" data-id=\"5d8018e\" data-element_type=\"widget\" data-e-type=\"widget\" data-widget_type=\"image.default\">\n\t\t\t\t<div class=\"elementor-widget-container\">\n\t\t\t\t\t\t\t\t\t\t\t\t\t\t\t<img decoding=\"async\" width=\"650\" height=\"730\" src=\"https:\/\/www.hydromot.lu\/techblog\/wp-content\/uploads\/2022\/07\/Hydraulik-Kompaktaggregat.jpg\" class=\"attachment-large size-large wp-image-1997\" alt=\"Hydromot Hydraulikaggregat kompakte Bauweise\" srcset=\"https:\/\/www.hydromot.lu\/techblog\/wp-content\/uploads\/2022\/07\/Hydraulik-Kompaktaggregat.jpg 650w, https:\/\/www.hydromot.lu\/techblog\/wp-content\/uploads\/2022\/07\/Hydraulik-Kompaktaggregat-267x300.jpg 267w, https:\/\/www.hydromot.lu\/techblog\/wp-content\/uploads\/2022\/07\/Hydraulik-Kompaktaggregat-534x600.jpg 534w, https:\/\/www.hydromot.lu\/techblog\/wp-content\/uploads\/2022\/07\/Hydraulik-Kompaktaggregat-142x160.jpg 142w\" sizes=\"(max-width: 650px) 100vw, 650px\" \/>\t\t\t\t\t\t\t\t\t\t\t\t\t\t\t<\/div>\n\t\t\t\t<\/div>\n\t\t\t\t\t<\/div>\n\t\t<\/div>\n\t\t\t\t<div class=\"elementor-column elementor-col-50 elementor-top-column elementor-element elementor-element-44bc1b9\" data-id=\"44bc1b9\" data-element_type=\"column\" data-e-type=\"column\">\n\t\t\t<div class=\"elementor-widget-wrap elementor-element-populated\">\n\t\t\t\t\t\t<div class=\"elementor-element elementor-element-a9f2554 elementor-widget elementor-widget-text-editor\" data-id=\"a9f2554\" data-element_type=\"widget\" data-e-type=\"widget\" data-widget_type=\"text-editor.default\">\n\t\t\t\t<div class=\"elementor-widget-container\">\n\t\t\t\t\t\t\t\t\t<p>Die Antriebseinheit ist mit der\u00a0<a href=\"https:\/\/hydromot.lu\/techblog\/hydraulikpumpen\/\" target=\"_blank\" rel=\"noopener\">Hydraulikpumpe\u00a0<\/a>\u00fcber eine Kupplung verbunden und treibt diese an. Bei Kompaktaggregaten befindet sich zwischen dem Antriebsmotor, der Hydraulikpumpe und dem Hydrauliktank der Zentralflansch. Dieser Flansch dient unter anderem als Bindeglied zwischen Antriebseinheit, Hydraulikpumpe und Hydrauliktank, sowie zur Aufnahme der Hydraulikventile.<\/p><p>Standardkomponenten und modulare Baugruppen bieten die M\u00f6glichkeit, basierend auf den Anforderungen verschiedene Varianten zu bauen. Durch diese modularen Baugruppen ist es m\u00f6glich, eine optimale konstruktive L\u00f6sung zu realisieren. Dabei wird au\u00dferdem eine hohe Betriebssicherheit, ein geringer Energieverbrauch und eine hohe Langlebigkeit des Hydraulikaggregates gew\u00e4hrleistet<\/p><section class=\"elementor-section elementor-top-section elementor-element elementor-element-e49f946 elementor-section-boxed elementor-section-height-default elementor-section-height-default\" data-id=\"e49f946\" data-element_type=\"section\"><div class=\"elementor-container elementor-column-gap-default\"><div class=\"elementor-column elementor-col-100 elementor-top-column elementor-element elementor-element-aa516ed\" data-id=\"aa516ed\" data-element_type=\"column\"><div class=\"elementor-widget-wrap elementor-element-populated\"><div class=\"elementor-element elementor-element-8e4e3d8 elementor-widget elementor-widget-text-editor\" data-id=\"8e4e3d8\" data-element_type=\"widget\" data-widget_type=\"text-editor.default\"><div class=\"elementor-widget-container\"><p>Bei der Auslegung von Hydraulikaggregaten ist zu beachten, dass die ben\u00f6tigte hydraulische Leistung die Antriebsleistung der Antriebseinheit nicht \u00fcbersteigt.<\/p><\/div><\/div><\/div><\/div><\/div><\/section>\t\t\t\t\t\t\t\t<\/div>\n\t\t\t\t<\/div>\n\t\t\t\t\t<\/div>\n\t\t<\/div>\n\t\t\t\t\t<\/div>\n\t\t<\/section>\n\t\t\t\t<section class=\"elementor-section elementor-top-section elementor-element elementor-element-b3927ed elementor-section-full_width elementor-section-height-default elementor-section-height-default\" data-id=\"b3927ed\" data-element_type=\"section\" data-e-type=\"section\">\n\t\t\t\t\t\t<div class=\"elementor-container elementor-column-gap-default\">\n\t\t\t\t\t<div class=\"elementor-column elementor-col-100 elementor-top-column elementor-element elementor-element-296643d\" data-id=\"296643d\" data-element_type=\"column\" data-e-type=\"column\">\n\t\t\t<div class=\"elementor-widget-wrap elementor-element-populated\">\n\t\t\t\t\t\t<div class=\"elementor-element elementor-element-94a3001 elementor-widget elementor-widget-heading\" data-id=\"94a3001\" data-element_type=\"widget\" data-e-type=\"widget\" data-widget_type=\"heading.default\">\n\t\t\t\t<div class=\"elementor-widget-container\">\n\t\t\t\t\t<h2 class=\"elementor-heading-title elementor-size-default\">Wo werden Hydraulikaggregate eingesetzt?<\/h2>\t\t\t\t<\/div>\n\t\t\t\t<\/div>\n\t\t\t\t<div class=\"elementor-element elementor-element-bfe810b elementor-widget elementor-widget-text-editor\" data-id=\"bfe810b\" data-element_type=\"widget\" data-e-type=\"widget\" data-widget_type=\"text-editor.default\">\n\t\t\t\t<div class=\"elementor-widget-container\">\n\t\t\t\t\t\t\t\t\t<p>Typische Anwendungsbereiche f\u00fcr Hydroaggregate sind station\u00e4re Anlagen im Maschinenbau. Dazu geh\u00f6ren zum Beispiel stahl- und Wasserbau und die H\u00fcttentechnik. Weitere Einsatzf\u00e4lle sind zum Beispiel die kunststoffverarbeitende Industrie, sowie in Hub- und Lifteinrichtungen und in Pressen.<\/p>\n<p>In der Mobilhydraulik werden kleine Aggregate verwendet, \u00fcberwiegend mit Elektromotor-Antrieb. M\u00f6gliche Einsatzbereiche sind der Betrieb von Ladebordw\u00e4nden oder hydrostatischen L\u00fcfterantrieben.<\/p>\n<p>Bei gro\u00dfen Energieums\u00e4tzen wird die Hydraulikpumpe direkt von einem Verbrennungsmotor angetrieben. Die weiteren Komponenten (z.B. Tank oder Hydraulikventile) werden nicht als Aggregat zusammengefasst sondern gem\u00e4\u00df der vorhandnen Platzverh\u00e4ltnisse verteilt.<\/p>\t\t\t\t\t\t\t\t<\/div>\n\t\t\t\t<\/div>\n\t\t\t\t<div class=\"elementor-element elementor-element-c18b8f8 elementor-cta--skin-classic elementor-animated-content elementor-bg-transform elementor-bg-transform-zoom-in elementor-widget elementor-widget-call-to-action\" data-id=\"c18b8f8\" data-element_type=\"widget\" data-e-type=\"widget\" data-widget_type=\"call-to-action.default\">\n\t\t\t\t<div class=\"elementor-widget-container\">\n\t\t\t\t\t\t\t<div class=\"elementor-cta\">\n\t\t\t\t\t<div class=\"elementor-cta__bg-wrapper\">\n\t\t\t\t<div class=\"elementor-cta__bg elementor-bg\" style=\"background-image: url(https:\/\/www.hydromot.lu\/techblog\/wp-content\/uploads\/2022\/07\/Hydraulikaggregat-mit-Ventilaufbau.jpg);\" role=\"img\" aria-label=\"Hydronit Hydraulikaggregat mit Hydraulikventilen\"><\/div>\n\t\t\t\t<div class=\"elementor-cta__bg-overlay\"><\/div>\n\t\t\t<\/div>\n\t\t\t\t\t\t\t<div class=\"elementor-cta__content\">\n\t\t\t\t\n\t\t\t\t\t\t\t\t\t<h2 class=\"elementor-cta__title elementor-cta__content-item elementor-content-item\">\n\t\t\t\t\t\tHydraulikaggregate direkt in unserem Hydraulikshop kaufen\t\t\t\t\t<\/h2>\n\t\t\t\t\n\t\t\t\t\t\t\t\t\t<div class=\"elementor-cta__description elementor-cta__content-item elementor-content-item\">\n\t\t\t\t\t\tIn unserem Hydraulik Shop finden Sie eine gro\u00dfe Auswahl an Hydraulikaggregaten und Zubeh\u00f6r. \t\t\t\t\t<\/div>\n\t\t\t\t\n\t\t\t\t\t\t\t\t\t<div class=\"elementor-cta__button-wrapper elementor-cta__content-item elementor-content-item \">\n\t\t\t\t\t<a class=\"elementor-cta__button elementor-button elementor-size-md\" href=\"https:\/\/www.hydromot.lu\/de\/Hydraulikaggregate\/\">\n\t\t\t\t\t\tHier geht es zum Hydromot Shop\t\t\t\t\t<\/a>\n\t\t\t\t\t<\/div>\n\t\t\t\t\t\t\t<\/div>\n\t\t\t\t\t\t<\/div>\n\t\t\t\t\t\t<\/div>\n\t\t\t\t<\/div>\n\t\t\t\t\t<\/div>\n\t\t<\/div>\n\t\t\t\t\t<\/div>\n\t\t<\/section>\n\t\t\t\t<section class=\"elementor-section elementor-top-section elementor-element elementor-element-df95de9 elementor-section-boxed elementor-section-height-default elementor-section-height-default\" data-id=\"df95de9\" data-element_type=\"section\" data-e-type=\"section\">\n\t\t\t\t\t\t<div class=\"elementor-container elementor-column-gap-default\">\n\t\t\t\t\t<div class=\"elementor-column elementor-col-100 elementor-top-column elementor-element elementor-element-d8e1b7f\" data-id=\"d8e1b7f\" data-element_type=\"column\" data-e-type=\"column\">\n\t\t\t<div class=\"elementor-widget-wrap elementor-element-populated\">\n\t\t\t\t\t\t<div class=\"elementor-element elementor-element-4c498f9 elementor-widget elementor-widget-spacer\" data-id=\"4c498f9\" data-element_type=\"widget\" data-e-type=\"widget\" data-widget_type=\"spacer.default\">\n\t\t\t\t<div class=\"elementor-widget-container\">\n\t\t\t\t\t\t\t<div class=\"elementor-spacer\">\n\t\t\t<div class=\"elementor-spacer-inner\"><\/div>\n\t\t<\/div>\n\t\t\t\t\t\t<\/div>\n\t\t\t\t<\/div>\n\t\t\t\t\t<\/div>\n\t\t<\/div>\n\t\t\t\t\t<\/div>\n\t\t<\/section>\n\t\t\t\t<\/div>\n\t\t","protected":false},"excerpt":{"rendered":"<p>Hydraulikaggregate &#8211; Zentrale Versorgungseinheit jedes Hydrauliksystems Inhalt Wie ist ein Hydraulikaggregat aufgebaut? Hydraulikaggregate sind selbstst\u00e4ndige Baugruppen. Darin sind die Komponenten zur gesteuerten Bereitstellung hydraulischer Energie zusammengefasst.\u00a0 Hydraulikaggregate dienen zur \u00d6lversorgung und zur hydraulischen Steuerung der Verbraucher. Eine Hydraulikanlage ist in der Regel wie folgt aufgebaut: \u00a0 \u00a0 Ein Basis-Hydraulikaggregat besteht aus: Einer Antriebseinheit (z.B. Elektromotor,&hellip;&nbsp;<a href=\"https:\/\/www.hydromot.lu\/techblog\/hydraulikaggregate\/\" rel=\"bookmark\">Mehr lesen &raquo;<span class=\"screen-reader-text\">Hydraulikaggregate<\/span><\/a><\/p>\n","protected":false},"author":1,"featured_media":320,"parent":0,"menu_order":0,"comment_status":"closed","ping_status":"closed","template":"","meta":{"_crdt_document":"","neve_meta_sidebar":"right","neve_meta_container":"","neve_meta_enable_content_width":"on","neve_meta_content_width":75,"neve_meta_title_alignment":"","neve_meta_author_avatar":"","neve_post_elements_order":"","neve_meta_disable_header":"","neve_meta_disable_footer":"","neve_meta_disable_title":"on","neve_meta_reading_time":"","_themeisle_gutenberg_block_has_review":false,"footnotes":""},"class_list":["post-823","page","type-page","status-publish","has-post-thumbnail","hentry"],"_links":{"self":[{"href":"https:\/\/www.hydromot.lu\/techblog\/wp-json\/wp\/v2\/pages\/823","targetHints":{"allow":["GET"]}}],"collection":[{"href":"https:\/\/www.hydromot.lu\/techblog\/wp-json\/wp\/v2\/pages"}],"about":[{"href":"https:\/\/www.hydromot.lu\/techblog\/wp-json\/wp\/v2\/types\/page"}],"author":[{"embeddable":true,"href":"https:\/\/www.hydromot.lu\/techblog\/wp-json\/wp\/v2\/users\/1"}],"replies":[{"embeddable":true,"href":"https:\/\/www.hydromot.lu\/techblog\/wp-json\/wp\/v2\/comments?post=823"}],"version-history":[{"count":80,"href":"https:\/\/www.hydromot.lu\/techblog\/wp-json\/wp\/v2\/pages\/823\/revisions"}],"predecessor-version":[{"id":4882,"href":"https:\/\/www.hydromot.lu\/techblog\/wp-json\/wp\/v2\/pages\/823\/revisions\/4882"}],"wp:featuredmedia":[{"embeddable":true,"href":"https:\/\/www.hydromot.lu\/techblog\/wp-json\/wp\/v2\/media\/320"}],"wp:attachment":[{"href":"https:\/\/www.hydromot.lu\/techblog\/wp-json\/wp\/v2\/media?parent=823"}],"curies":[{"name":"wp","href":"https:\/\/api.w.org\/{rel}","templated":true}]}}